{"id":5410,"date":"2021-12-30T10:54:48","date_gmt":"2021-12-30T10:54:48","guid":{"rendered":"https:\/\/agencia.smarttraveloperations.com\/activities-2\/"},"modified":"2025-05-03T16:50:02","modified_gmt":"2025-05-03T16:50:02","slug":"activities-2","status":"publish","type":"page","link":"https:\/\/smarttraveloperations.com\/en\/activities-2\/","title":{"rendered":"Activities"},"content":{"rendered":"<p><strong>Vive el Mundo a Tu Manera<\/strong>\u00a0\ud83c\udf0e\u2728<\/p>\n\n\n\n<p>En\u00a0<strong>Smart Travel Operation<\/strong>, creemos que cada viajero es \u00fanico, y por eso hemos dise\u00f1ado\u00a0<strong>7 experiencias<\/strong>\u00a0para que elijas c\u00f3mo quieres vivir el mundo. Ya sea que busques conectar con ra\u00edces ancestrales, desafiar tus l\u00edmites o simplemente perderte en la belleza de lo desconocido, aqu\u00ed encontrar\u00e1s la aventura que se ajusta a tu esencia:<\/p>\n\n\n\n<ul class=\"wp-block-list\">\n<li><strong>Cultural<\/strong>\u00a0\ud83c\udfdb\ufe0f<\/li>\n\n\n\n<li><strong>Coffee Experience<\/strong>\u00a0\u2615\ud83c\udf31<\/li>\n\n\n\n<li><strong>Extreme Fun<\/strong>\u00a0\ud83e\ude82<\/li>\n\n\n\n<li><strong>Gastronomic<\/strong>\u00a0\ud83c\udf74\ud83c\udf2e<\/li>\n\n\n\n<li><strong>Ecotourism<\/strong>\u00a0\ud83c\udf3f\ud83e\udd8b<\/li>\n\n\n\n<li><strong>Sun and Beach<\/strong>\u00a0\ud83c\udfd6\ufe0f\ud83c\udf0a<\/li>\n\n\n\n<li><strong>Art<\/strong>\u00a0\ud83c\udfa8\ud83d\udd8c\ufe0f<\/li>\n<\/ul>","protected":false},"excerpt":{"rendered":"<p>Vive el Mundo a Tu Manera\u00a0\ud83c\udf0e\u2728 En\u00a0Smart Travel Operation, creemos que cada viajero es \u00fanico, y por eso hemos dise\u00f1ado\u00a07 experiencias\u00a0para que elijas c\u00f3mo quieres vivir el mundo. Ya sea que busques conectar con ra\u00edces ancestrales, desafiar tus l\u00edmites o [&hellip;]<\/p>\n","protected":false},"author":1,"featured_media":3851,"parent":0,"menu_order":0,"comment_status":"closed","ping_status":"closed","template":"templates\/template-activities.php","meta":{"_joinchat":[],"footnotes":""},"class_list":["post-5410","page","type-page","status-publish","has-post-thumbnail","hentry","travel-monster-post","latest_post"],"_links":{"self":[{"href":"https:\/\/smarttraveloperations.com\/en\/wp-json\/wp\/v2\/pages\/5410","targetHints":{"allow":["GET"]}}],"collection":[{"href":"https:\/\/smarttraveloperations.com\/en\/wp-json\/wp\/v2\/pages"}],"about":[{"href":"https:\/\/smarttraveloperations.com\/en\/wp-json\/wp\/v2\/types\/page"}],"author":[{"embeddable":true,"href":"https:\/\/smarttraveloperations.com\/en\/wp-json\/wp\/v2\/users\/1"}],"replies":[{"embeddable":true,"href":"https:\/\/smarttraveloperations.com\/en\/wp-json\/wp\/v2\/comments?post=5410"}],"version-history":[{"count":3,"href":"https:\/\/smarttraveloperations.com\/en\/wp-json\/wp\/v2\/pages\/5410\/revisions"}],"predecessor-version":[{"id":6463,"href":"https:\/\/smarttraveloperations.com\/en\/wp-json\/wp\/v2\/pages\/5410\/revisions\/6463"}],"wp:featuredmedia":[{"embeddable":true,"href":"https:\/\/smarttraveloperations.com\/en\/wp-json\/wp\/v2\/media\/3851"}],"wp:attachment":[{"href":"https:\/\/smarttraveloperations.com\/en\/wp-json\/wp\/v2\/media?parent=5410"}],"curies":[{"name":"wp","href":"https:\/\/api.w.org\/{rel}","templated":true}]}}